{"id":38850,"date":"2019-02-04T12:21:34","date_gmt":"2019-02-04T12:21:34","guid":{"rendered":"https:\/\/womenonboards.pt\/en\/?page_id=38850"},"modified":"2019-09-02T15:43:48","modified_gmt":"2019-09-02T15:43:48","slug":"contactos","status":"publish","type":"page","link":"https:\/\/womenonboards.pt\/en\/contactos\/","title":{"rendered":"Contactos"},"content":{"rendered":"<p>[et_pb_section fb_built=&#8221;1&#8243; specialty=&#8221;on&#8221; custom_padding_last_edited=&#8221;on|desktop&#8221; padding_top_bottom_link_1=&#8221;true&#8221; padding_top_bottom_link_2=&#8221;true&#8221; padding_top_1=&#8221;0px&#8221; padding_top_2=&#8221;0px&#8221; padding_bottom_1=&#8221;0px&#8221; padding_bottom_2=&#8221;0px&#8221; padding_1_tablet=&#8221;||50px&#8221; padding_1_last_edited=&#8221;on|desktop&#8221; _builder_version=&#8221;3.26.3&#8243; use_background_color_gradient=&#8221;on&#8221; background_color_gradient_start=&#8221;rgba(0,0,0,0.5)&#8221; background_color_gradient_end=&#8221;rgba(0,0,0,0)&#8221; background_color_gradient_direction=&#8221;90deg&#8221; background_color_gradient_overlays_image=&#8221;on&#8221; background_image=&#8221;https:\/\/womenonboards.pt\/en\/wp-content\/uploads\/2019\/07\/WB_Contactos_bg_02.jpg&#8221; custom_margin=&#8221;0px||0px||true&#8221; custom_padding=&#8221;90px||90px||true|&#8221; custom_padding_tablet=&#8221;80px||80px||true&#8221; custom_padding_phone=&#8221;60px||60px||true&#8221; locked=&#8221;off&#8221;][et_pb_column type=&#8221;1_2&#8243; specialty_columns=&#8221;2&#8243; _builder_version=&#8221;3.25&#8243; custom_padding=&#8221;|||&#8221; padding_bottom__hover=&#8221;0px&#8221; padding_top__hover=&#8221;0px&#8221; parallax__hover=&#8221;off&#8221; parallax_method__hover=&#8221;on&#8221; padding_tablet__hover=&#8221;||50px&#8221; padding_last_edited__hover=&#8221;on|desktop&#8221; custom_padding__hover=&#8221;|||&#8221;][et_pb_row_inner custom_padding=&#8221;0px||60px||false|false&#8221; _builder_version=&#8221;3.25&#8243; custom_margin=&#8221;0px||0px||true&#8221;][et_pb_column_inner saved_specialty_column_type=&#8221;1_2&#8243; _builder_version=&#8221;3.25&#8243; custom_padding=&#8221;|||&#8221; parallax__hover=&#8221;off&#8221; parallax_method__hover=&#8221;on&#8221; custom_padding__hover=&#8221;|||&#8221;][et_pb_text _builder_version=&#8221;3.26.5&#8243; text_font=&#8221;|300|||||||&#8221; background_layout=&#8221;dark&#8221; custom_margin=&#8221;0px||0px||true&#8221; custom_padding=&#8221;0px||0px||true&#8221;]<\/p>\n<h1 style=\"padding-bottom: 0px;\">Talk to us<\/h1>\n<p>For more information please contact us.<\/p>\n<p>[\/et_pb_text][et_pb_divider color=&#8221;rgba(255,255,255,0.4)&#8221; divider_position=&#8221;bottom&#8221; _builder_version=&#8221;3.17.6&#8243; height=&#8221;30px&#8221; custom_margin=&#8221;0px||0px||true&#8221; custom_padding=&#8221;0px||0px||true&#8221;][\/et_pb_divider][\/et_pb_column_inner][\/et_pb_row_inner][et_pb_row_inner custom_padding=&#8221;0px||0px||true&#8221; custom_padding_phone=&#8221;||&#8221; custom_padding_last_edited=&#8221;off|desktop&#8221; module_class=&#8221;linkcont&#8221; _builder_version=&#8221;3.25&#8243; custom_margin=&#8221;0px||0px||true&#8221;][et_pb_column_inner saved_specialty_column_type=&#8221;1_2&#8243; _builder_version=&#8221;3.25&#8243; custom_padding=&#8221;|||&#8221; custom_css_main_element=&#8221;margin-bottom: 0px!important;&#8221; parallax__hover=&#8221;off&#8221; parallax_method__hover=&#8221;on&#8221; custom_css_main__hover=&#8221;margin-bottom: 0px!important;&#8221; custom_padding__hover=&#8221;|||&#8221;][et_pb_blurb title=&#8221;address&#8221; use_icon=&#8221;on&#8221; font_icon=&#8221;%%249%%&#8221; use_circle=&#8221;on&#8221; circle_color=&#8221;#ffffff&#8221; icon_placement=&#8221;left&#8221; _builder_version=&#8221;3.26.5&#8243; header_font=&#8221;||||||||&#8221; body_font=&#8221;||||||||&#8221; body_font_size=&#8221;14px&#8221; body_line_height=&#8221;1.4em&#8221; background_layout=&#8221;dark&#8221; custom_margin=&#8221;0px||0px||true&#8221; custom_padding=&#8221;0px||45px||false&#8221; custom_padding_tablet=&#8221;||35px&#8221; custom_padding_last_edited=&#8221;on|desktop&#8221; animation=&#8221;off&#8221;]<\/p>\n<p>Rua Miguel Lupi, 20<br \/>1249-078 Lisboa<br \/>Portugal<\/p>\n<p>[\/et_pb_blurb][et_pb_blurb title=&#8221;Email&#8221; use_icon=&#8221;on&#8221; font_icon=&#8221;%%238%%&#8221; use_circle=&#8221;on&#8221; circle_color=&#8221;#ffffff&#8221; icon_placement=&#8221;left&#8221; _builder_version=&#8221;3.26.3&#8243; header_font=&#8221;||||||||&#8221; body_font=&#8221;||||||||&#8221; body_line_height=&#8221;1.4em&#8221; background_layout=&#8221;dark&#8221; custom_margin=&#8221;0px||0px||true&#8221; custom_padding=&#8221;0px||45px||false&#8221; custom_padding_tablet=&#8221;||35px&#8221; custom_padding_phone=&#8221;||35px&#8221; custom_padding_last_edited=&#8221;on|phone&#8221; animation=&#8221;off&#8221;]<a href=\"mailto:womenonboardsPT@iseg.ulisboa.pt\">womenonboardsPT@iseg.ulisboa.pt<\/a>[\/et_pb_blurb][et_pb_blurb title=&#8221;Phone&#8221; use_icon=&#8221;on&#8221; font_icon=&#8221;%%264%%&#8221; use_circle=&#8221;on&#8221; circle_color=&#8221;#ffffff&#8221; icon_placement=&#8221;left&#8221; _builder_version=&#8221;3.26.5&#8243; header_font=&#8221;||||||||&#8221; body_font=&#8221;||||||||&#8221; body_line_height=&#8221;1.4em&#8221; background_layout=&#8221;dark&#8221; custom_margin=&#8221;0px||0px||true&#8221; custom_padding=&#8221;0px||0px||true|false&#8221; animation=&#8221;off&#8221;]<a href=\"tel:+351 213 922 761\">+351 213 922 761<\/a> \/ <a href=\"tel:+351 213 925 910\">+351 213 925 910<\/a>[\/et_pb_blurb][\/et_pb_column_inner][\/et_pb_row_inner][\/et_pb_column][et_pb_column type=&#8221;1_2&#8243; _builder_version=&#8221;3.25&#8243; custom_padding=&#8221;|||&#8221; padding_bottom__hover=&#8221;0px&#8221; padding_top__hover=&#8221;0px&#8221; parallax__hover=&#8221;off&#8221; parallax_method__hover=&#8221;on&#8221; custom_padding__hover=&#8221;|||&#8221;][et_pb_contact_form captcha=&#8221;off&#8221; custom_message=&#8221;FORMUL\u00c1RIO DE CONTACTO DO SITE EN||et_pb_line_break_holder||||et_pb_line_break_holder||Nome: %%Nome%%||et_pb_line_break_holder||Email: %%Email%%||et_pb_line_break_holder||Telefone: %%Telefone%%||et_pb_line_break_holder||Mensagem: %%Mensagem%%||et_pb_line_break_holder||||et_pb_line_break_holder||||et_pb_line_break_holder||%%Politica_de_Privacidade%%&#8221; success_message=&#8221;A sua mensagem foi enviada com sucesso, responderemos brevemente!&#8221; submit_button_text=&#8221;Enviar&#8221; module_id=&#8221;et_pb_contact_form_0&#8243; module_class=&#8221;notitle&#8221; _builder_version=&#8221;3.26.5&#8243; form_field_background_color=&#8221;rgba(0,0,0,0)&#8221; form_field_font=&#8221;||||||||&#8221; background_color=&#8221;rgba(255,255,255,0.95)&#8221; border_width_all=&#8221;1px&#8221; border_color_all=&#8221;rgba(0,0,0,0.3)&#8221; custom_margin=&#8221;0px||0px||true&#8221; custom_padding=&#8221;50px|50px|50px|50px|true|true&#8221; custom_padding_tablet=&#8221;40px|40px|40px|40px|true|true&#8221; custom_padding_phone=&#8221;30px|30px|30px|30px|true|true&#8221; custom_padding_last_edited=&#8221;on|desktop&#8221; form_background_color=&#8221;rgba(0,0,0,0)&#8221; email=&#8221;mail@womenonboards.pt&#8221;][et_pb_contact_field field_id=&#8221;Nome&#8221; field_title=&#8221;Name&#8221; fullwidth_field=&#8221;on&#8221; _builder_version=&#8221;3.26.5&#8243; border_radii=&#8221;on||||&#8221; button_text_size__hover_enabled=&#8221;off&#8221; button_one_text_size__hover_enabled=&#8221;off&#8221; button_two_text_size__hover_enabled=&#8221;off&#8221; button_text_color__hover_enabled=&#8221;off&#8221; button_one_text_color__hover_enabled=&#8221;off&#8221; button_two_text_color__hover_enabled=&#8221;off&#8221; button_border_width__hover_enabled=&#8221;off&#8221; button_one_border_width__hover_enabled=&#8221;off&#8221; button_two_border_width__hover_enabled=&#8221;off&#8221; button_border_color__hover_enabled=&#8221;off&#8221; button_one_border_color__hover_enabled=&#8221;off&#8221; button_two_border_color__hover_enabled=&#8221;off&#8221; button_border_radius__hover_enabled=&#8221;off&#8221; button_one_border_radius__hover_enabled=&#8221;off&#8221; button_two_border_radius__hover_enabled=&#8221;off&#8221; button_letter_spacing__hover_enabled=&#8221;off&#8221; button_one_letter_spacing__hover_enabled=&#8221;off&#8221; button_two_letter_spacing__hover_enabled=&#8221;off&#8221; button_bg_color__hover_enabled=&#8221;off&#8221; button_one_bg_color__hover_enabled=&#8221;off&#8221; button_two_bg_color__hover_enabled=&#8221;off&#8221;][\/et_pb_contact_field][et_pb_contact_field field_id=&#8221;Email&#8221; field_title=&#8221;Email&#8221; field_type=&#8221;email&#8221; fullwidth_field=&#8221;on&#8221; _builder_version=&#8221;3.26.5&#8243; border_radii=&#8221;on||||&#8221; button_text_size__hover_enabled=&#8221;off&#8221; button_one_text_size__hover_enabled=&#8221;off&#8221; button_two_text_size__hover_enabled=&#8221;off&#8221; button_text_color__hover_enabled=&#8221;off&#8221; button_one_text_color__hover_enabled=&#8221;off&#8221; button_two_text_color__hover_enabled=&#8221;off&#8221; button_border_width__hover_enabled=&#8221;off&#8221; button_one_border_width__hover_enabled=&#8221;off&#8221; button_two_border_width__hover_enabled=&#8221;off&#8221; button_border_color__hover_enabled=&#8221;off&#8221; button_one_border_color__hover_enabled=&#8221;off&#8221; button_two_border_color__hover_enabled=&#8221;off&#8221; button_border_radius__hover_enabled=&#8221;off&#8221; button_one_border_radius__hover_enabled=&#8221;off&#8221; button_two_border_radius__hover_enabled=&#8221;off&#8221; button_letter_spacing__hover_enabled=&#8221;off&#8221; button_one_letter_spacing__hover_enabled=&#8221;off&#8221; button_two_letter_spacing__hover_enabled=&#8221;off&#8221; button_bg_color__hover_enabled=&#8221;off&#8221; button_one_bg_color__hover_enabled=&#8221;off&#8221; button_two_bg_color__hover_enabled=&#8221;off&#8221;][\/et_pb_contact_field][et_pb_contact_field field_id=&#8221;Telefone&#8221; field_title=&#8221;Phone&#8221; fullwidth_field=&#8221;on&#8221; _builder_version=&#8221;3.26.5&#8243; border_radii=&#8221;on||||&#8221; button_text_size__hover_enabled=&#8221;off&#8221; button_one_text_size__hover_enabled=&#8221;off&#8221; button_two_text_size__hover_enabled=&#8221;off&#8221; button_text_color__hover_enabled=&#8221;off&#8221; button_one_text_color__hover_enabled=&#8221;off&#8221; button_two_text_color__hover_enabled=&#8221;off&#8221; button_border_width__hover_enabled=&#8221;off&#8221; button_one_border_width__hover_enabled=&#8221;off&#8221; button_two_border_width__hover_enabled=&#8221;off&#8221; button_border_color__hover_enabled=&#8221;off&#8221; button_one_border_color__hover_enabled=&#8221;off&#8221; button_two_border_color__hover_enabled=&#8221;off&#8221; button_border_radius__hover_enabled=&#8221;off&#8221; button_one_border_radius__hover_enabled=&#8221;off&#8221; button_two_border_radius__hover_enabled=&#8221;off&#8221; button_letter_spacing__hover_enabled=&#8221;off&#8221; button_one_letter_spacing__hover_enabled=&#8221;off&#8221; button_two_letter_spacing__hover_enabled=&#8221;off&#8221; button_bg_color__hover_enabled=&#8221;off&#8221; button_one_bg_color__hover_enabled=&#8221;off&#8221; button_two_bg_color__hover_enabled=&#8221;off&#8221;][\/et_pb_contact_field][et_pb_contact_field field_id=&#8221;Mensagem&#8221; field_title=&#8221;Message&#8221; field_type=&#8221;text&#8221; fullwidth_field=&#8221;on&#8221; _builder_version=&#8221;3.26.5&#8243; border_radii=&#8221;on||||&#8221; button_text_size__hover_enabled=&#8221;off&#8221; button_one_text_size__hover_enabled=&#8221;off&#8221; button_two_text_size__hover_enabled=&#8221;off&#8221; button_text_color__hover_enabled=&#8221;off&#8221; button_one_text_color__hover_enabled=&#8221;off&#8221; button_two_text_color__hover_enabled=&#8221;off&#8221; button_border_width__hover_enabled=&#8221;off&#8221; button_one_border_width__hover_enabled=&#8221;off&#8221; button_two_border_width__hover_enabled=&#8221;off&#8221; button_border_color__hover_enabled=&#8221;off&#8221; button_one_border_color__hover_enabled=&#8221;off&#8221; button_two_border_color__hover_enabled=&#8221;off&#8221; button_border_radius__hover_enabled=&#8221;off&#8221; button_one_border_radius__hover_enabled=&#8221;off&#8221; button_two_border_radius__hover_enabled=&#8221;off&#8221; button_letter_spacing__hover_enabled=&#8221;off&#8221; button_one_letter_spacing__hover_enabled=&#8221;off&#8221; button_two_letter_spacing__hover_enabled=&#8221;off&#8221; button_bg_color__hover_enabled=&#8221;off&#8221; button_one_bg_color__hover_enabled=&#8221;off&#8221; button_two_bg_color__hover_enabled=&#8221;off&#8221;][\/et_pb_contact_field][et_pb_contact_field field_id=&#8221;Politica_de_Privacidade&#8221; field_title=&#8221;Privacy Policy&#8221; field_type=&#8221;checkbox&#8221; checkbox_options=&#8221;%91{%22value%22:%22I declare that I have read, accept and authorize you to use my data to contact me in accordance with the Privacy Policy.%22,%22checked%22:0,%22dragID%22:-1,%22link_text%22:%22Know more%22,%22link_url%22:%22https:\/\/womenonboards.pt\/en\/protecao-de-dados\/#PP%22}%93&#8243; fullwidth_field=&#8221;on&#8221; _builder_version=&#8221;3.26.5&#8243; border_radii=&#8221;on||||&#8221; custom_margin=&#8221;||25px&#8221; button_text_size__hover_enabled=&#8221;off&#8221; button_one_text_size__hover_enabled=&#8221;off&#8221; button_two_text_size__hover_enabled=&#8221;off&#8221; button_text_color__hover_enabled=&#8221;off&#8221; button_one_text_color__hover_enabled=&#8221;off&#8221; button_two_text_color__hover_enabled=&#8221;off&#8221; button_border_width__hover_enabled=&#8221;off&#8221; button_one_border_width__hover_enabled=&#8221;off&#8221; button_two_border_width__hover_enabled=&#8221;off&#8221; button_border_color__hover_enabled=&#8221;off&#8221; button_one_border_color__hover_enabled=&#8221;off&#8221; button_two_border_color__hover_enabled=&#8221;off&#8221; button_border_radius__hover_enabled=&#8221;off&#8221; button_one_border_radius__hover_enabled=&#8221;off&#8221; button_two_border_radius__hover_enabled=&#8221;off&#8221; button_letter_spacing__hover_enabled=&#8221;off&#8221; button_one_letter_spacing__hover_enabled=&#8221;off&#8221; button_two_letter_spacing__hover_enabled=&#8221;off&#8221; button_bg_color__hover_enabled=&#8221;off&#8221; button_one_bg_color__hover_enabled=&#8221;off&#8221; button_two_bg_color__hover_enabled=&#8221;off&#8221;][\/et_pb_contact_field][\/et_pb_contact_form][\/et_pb_column][\/et_pb_section][et_pb_section fb_built=&#8221;1&#8243; fullwidth=&#8221;on&#8221; _builder_version=&#8221;3.22&#8243; custom_margin=&#8221;0px||-7px||false&#8221; custom_padding=&#8221;0px||0px||true&#8221; locked=&#8221;off&#8221;][et_pb_fullwidth_code _builder_version=&#8221;3.26.3&#8243; custom_margin=&#8221;0px||0px||true&#8221; custom_padding=&#8221;0px||0px||true&#8221; filter_saturate=&#8221;30%&#8221;]<iframe loading=\"lazy\" src=\"https:\/\/www.google.com\/maps\/embed?pb=!1m18!1m12!1m3!1d3113.2741363182113!2d-9.157593784329107!3d38.71151466548384!2m3!1f0!2f0!3f0!3m2!1i1024!2i768!4f13.1!3m3!1m2!1s0xd193482a2c17585%3A0x67362ec424e09363!2sRua+Miguel+Lupi+20%2C+1200-725+Lisboa!5e0!3m2!1spt-PT!2spt!4v1563460604130!5m2!1spt-PT!2spt\" width=\"100%\" height=\"400\" frameborder=\"0\" style=\"border:0\" allowfullscreen><\/iframe>[\/et_pb_fullwidth_code][\/et_pb_section][et_pb_section fb_built=&#8221;1&#8243; inner_shadow=&#8221;on&#8221; _builder_version=&#8221;3.26.3&#8243; background_color=&#8221;#525fab&#8221; use_background_color_gradient=&#8221;on&#8221; background_color_gradient_start=&#8221;#525fab&#8221; background_color_gradient_end=&#8221;rgba(121,203,196,0.6)&#8221; background_color_gradient_direction=&#8221;90deg&#8221; border_width_bottom=&#8221;1px&#8221; border_color_bottom=&#8221;#525fab&#8221; custom_margin=&#8221;0px||0px||true|false&#8221; custom_padding=&#8221;0px||0px||true|false&#8221; bottom_divider_style=&#8221;waves2&#8243; bottom_divider_color=&#8221;rgba(121,203,196,0.33)&#8221; bottom_divider_height=&#8221;180px&#8221; bottom_divider_repeat=&#8221;0.2x&#8221; bottom_divider_flip=&#8221;horizontal&#8221; global_module=&#8221;39981&#8243; saved_tabs=&#8221;all&#8221; locked=&#8221;off&#8221;][et_pb_row column_structure=&#8221;1_3,1_3,1_3&#8243; use_custom_gutter=&#8221;on&#8221; custom_padding=&#8221;60px||60px||true|false&#8221; custom_margin=&#8221;0px||0px||true|false&#8221; make_equal=&#8221;on&#8221; _builder_version=&#8221;3.26.3&#8243; width=&#8221;95%&#8221; max_width=&#8221;95%&#8221;][et_pb_column type=&#8221;1_3&#8243; module_class=&#8221;footer_cl01&#8243; _builder_version=&#8221;3.26.3&#8243;][et_pb_text _builder_version=&#8221;3.26.5&#8243; text_font=&#8221;|300|||||||&#8221; text_text_align=&#8221;justify&#8221; text_font_size=&#8221;14px&#8221; text_orientation=&#8221;justified&#8221; background_layout=&#8221;dark&#8221; custom_margin=&#8221;0px||0px||true|false&#8221; custom_padding=&#8221;0px||0px||true|false&#8221; text_text_align_tablet=&#8221;center&#8221; text_text_align_last_edited=&#8221;on|tablet&#8221;]<\/p>\n<h4>Sponsors<\/h4>\n<p>Project: Women on Boards: An Integrative Approach\/ Mulheres nos \u00d3rg\u00e3os de Gest\u00e3o das Empresas: Uma Abordagem Integrada (Ref\u00aa PTDC\/SOC-ASO\/29895\/2017), sponsored by the &#8220;Funda\u00e7\u00e3o para a Ci\u00eancia e a Tecnologia&#8221; and by the &#8220;Minist\u00e9rio da Ci\u00eancia, Tecnologia e Ensino Superior (MCTES)&#8221; through public funding (PIDDAC) and institutionally hosted by &#8220;SOCIUS-CSG\/ISEG-ULisboa&#8221;<\/p>\n<p>[\/et_pb_text][et_pb_social_media_follow use_icon_font_size=&#8221;on&#8221; icon_font_size=&#8221;18px&#8221; _builder_version=&#8221;3.26.3&#8243; border_radii=&#8221;on|50px|50px|50px|50px&#8221; border_color_all=&#8221;#ffffff&#8221; text_orientation=&#8221;left&#8221; custom_margin=&#8221;0px||0px||true|false&#8221; custom_padding=&#8221;15px||0px||false|false&#8221; text_orientation_tablet=&#8221;center&#8221; text_orientation_last_edited=&#8221;on|desktop&#8221;][et_pb_social_media_follow_network social_network=&#8221;facebook&#8221; url=&#8221;https:\/\/www.facebook.com\/WoB-Women-on-Boards-Portugal-543060479454414\/&#8221; _builder_version=&#8221;3.26.3&#8243; background_color=&#8221;#3b5998&#8243; custom_margin=&#8221;0px|0px|0px|0px|true|true&#8221; custom_padding=&#8221;0px|0px|0px|0px|true|true&#8221; follow_button=&#8221;off&#8221; url_new_window=&#8221;on&#8221;]facebook[\/et_pb_social_media_follow_network][et_pb_social_media_follow_network social_network=&#8221;linkedin&#8221; url=&#8221;https:\/\/www.linkedin.com\/company\/wob-women-on-boards-portugal\/?viewAsMember=true&#8221; _builder_version=&#8221;3.26.3&#8243; background_color=&#8221;#007bb6&#8243; custom_margin=&#8221;0px|0px|0px|0px|true|true&#8221; custom_padding=&#8221;0px|0px|0px|0px|true|true&#8221; follow_button=&#8221;off&#8221; url_new_window=&#8221;on&#8221;]linkedin[\/et_pb_social_media_follow_network][\/et_pb_social_media_follow][\/et_pb_column][et_pb_column type=&#8221;1_3&#8243; module_class=&#8221;footer_cl02&#8243; _builder_version=&#8221;3.26.3&#8243;][et_pb_code module_id=&#8221;logosfooter&#8221; module_class=&#8221;footerLG&#8221; _builder_version=&#8221;3.26.3&#8243; text_orientation=&#8221;center&#8221; max_width=&#8221;360px&#8221; module_alignment=&#8221;center&#8221; custom_margin=&#8221;0px||0px||true|false&#8221; custom_padding=&#8221;0px||0px||true|false&#8221;]<img decoding=\"async\" src=\"https:\/\/womenonboards.pt\/en\/wp-content\/uploads\/2019\/07\/WB_FooterLG_04.png\"><img decoding=\"async\" src=\"https:\/\/womenonboards.pt\/en\/wp-content\/uploads\/2019\/07\/WB_FooterLG_02.png\"><!\u2013- [et_pb_br_holder] -\u2013><img decoding=\"async\" src=\"https:\/\/womenonboards.pt\/en\/wp-content\/uploads\/2019\/07\/WB_FooterLG_01.png\"><img decoding=\"async\" src=\"https:\/\/womenonboards.pt\/en\/wp-content\/uploads\/2019\/07\/WB_FooterLG_03.png\">[\/et_pb_code][\/et_pb_column][et_pb_column type=&#8221;1_3&#8243; module_class=&#8221;footer_cl03&#8243; _builder_version=&#8221;3.26.3&#8243;][et_pb_text module_class=&#8221;LinkFooterPreto&#8221; _builder_version=&#8221;3.26.5&#8243; text_font=&#8221;|300|||||||&#8221; text_text_align=&#8221;left&#8221; text_font_size=&#8221;15px&#8221; text_line_height=&#8221;1.3em&#8221; text_orientation=&#8221;justified&#8221; background_layout=&#8221;dark&#8221; custom_margin=&#8221;0px||0px||true|false&#8221; custom_padding=&#8221;0px||25px||false|false&#8221; text_text_align_tablet=&#8221;center&#8221; text_text_align_last_edited=&#8221;on|desktop&#8221;]<\/p>\n<p style=\"padding-bottom: 15px;\">\u00a9 WOMEN ON BOARDS<\/p>\n<p style=\"padding-bottom: 10px;\"><a href=\"https:\/\/womenonboards.pt\/en\/protecao-de-dados\/#PP\">\u2022 Privacy Policy<\/a><br \/><a href=\"https:\/\/womenonboards.pt\/en\/protecao-de-dados\/#RLO\">\u2022 Online Dispute Resolution<\/a><br \/><a href=\"https:\/\/womenonboards.pt\/en\/protecao-de-dados\/#PC\">\u2022 Cookies Policy<\/a><\/p>\n<p style=\"padding-bottom: 0px;\">webdesign by: <a href=\"https:\/\/criativo.net\/\" target=\"_blank\" rel=\"noopener noreferrer\">criativo.net<\/a><\/p>\n<p>[\/et_pb_text][et_pb_image src=&#8221;https:\/\/womenonboards.pt\/en\/wp-content\/uploads\/2019\/01\/certificado-ssl-pt_white.png&#8221; align_tablet=&#8221;center&#8221; align_last_edited=&#8221;on|desktop&#8221; _builder_version=&#8221;3.26.3&#8243; custom_margin=&#8221;0px||0px||true|false&#8221; custom_padding=&#8221;0px||0px||true|false&#8221; filter_brightness=&#8221;0%&#8221; filter_invert=&#8221;100%&#8221;][\/et_pb_image][\/et_pb_column][\/et_pb_row][\/et_pb_section]<\/p>\n","protected":false},"excerpt":{"rendered":"<p>[et_pb_section fb_built=&#8221;1&#8243; specialty=&#8221;on&#8221; custom_padding_last_edited=&#8221;on|desktop&#8221; padding_top_bottom_link_1=&#8221;true&#8221; padding_top_bottom_link_2=&#8221;true&#8221; padding_top_1=&#8221;0px&#8221; padding_top_2=&#8221;0px&#8221; padding_bottom_1=&#8221;0px&#8221; padding_bottom_2=&#8221;0px&#8221; padding_1_tablet=&#8221;||50px&#8221; padding_1_last_edited=&#8221;on|desktop&#8221; _builder_version=&#8221;3.26.3&#8243; use_background_color_gradient=&#8221;on&#8221; background_color_gradient_start=&#8221;rgba(0,0,0,0.5)&#8221; background_color_gradient_end=&#8221;rgba(0,0,0,0)&#8221; background_color_gradient_direction=&#8221;90deg&#8221; background_color_gradient_overlays_image=&#8221;on&#8221; background_image=&#8221;https:\/\/womenonboards.pt\/en\/wp-content\/uploads\/2019\/07\/WB_Contactos_bg_02.jpg&#8221; custom_margin=&#8221;0px||0px||true&#8221; custom_padding=&#8221;90px||90px||true|&#8221; custom_padding_tablet=&#8221;80px||80px||true&#8221; custom_padding_phone=&#8221;60px||60px||true&#8221; locked=&#8221;off&#8221;][et_pb_column type=&#8221;1_2&#8243; specialty_columns=&#8221;2&#8243; _builder_version=&#8221;3.25&#8243; custom_padding=&#8221;|||&#8221; padding_bottom__hover=&#8221;0px&#8221; padding_top__hover=&#8221;0px&#8221; parallax__hover=&#8221;off&#8221; parallax_method__hover=&#8221;on&#8221; padding_tablet__hover=&#8221;||50px&#8221; padding_last_edited__hover=&#8221;on|desktop&#8221; custom_padding__hover=&#8221;|||&#8221;][et_pb_row_inner custom_padding=&#8221;0px||60px||false|false&#8221; _builder_version=&#8221;3.25&#8243; custom_margin=&#8221;0px||0px||true&#8221;][et_pb_column_inner saved_specialty_column_type=&#8221;1_2&#8243; _builder_version=&#8221;3.25&#8243; custom_padding=&#8221;|||&#8221; parallax__hover=&#8221;off&#8221; parallax_method__hover=&#8221;on&#8221; custom_padding__hover=&#8221;|||&#8221;][et_pb_text _builder_version=&#8221;3.26.5&#8243; text_font=&#8221;|300|||||||&#8221; background_layout=&#8221;dark&#8221; custom_margin=&#8221;0px||0px||true&#8221; custom_padding=&#8221;0px||0px||true&#8221;] Talk to us For more information [&hellip;]<\/p>\n","protected":false},"author":3,"featured_media":0,"parent":0,"menu_order":0,"comment_status":"closed","ping_status":"closed","template":"","meta":{"_et_pb_use_builder":"on","_et_pb_old_content":"","_et_gb_content_width":"","footnotes":""},"class_list":["post-38850","page","type-page","status-publish","hentry"],"_links":{"self":[{"href":"https:\/\/womenonboards.pt\/en\/wp-json\/wp\/v2\/pages\/38850","targetHints":{"allow":["GET"]}}],"collection":[{"href":"https:\/\/womenonboards.pt\/en\/wp-json\/wp\/v2\/pages"}],"about":[{"href":"https:\/\/womenonboards.pt\/en\/wp-json\/wp\/v2\/types\/page"}],"author":[{"embeddable":true,"href":"https:\/\/womenonboards.pt\/en\/wp-json\/wp\/v2\/users\/3"}],"replies":[{"embeddable":true,"href":"https:\/\/womenonboards.pt\/en\/wp-json\/wp\/v2\/comments?post=38850"}],"version-history":[{"count":19,"href":"https:\/\/womenonboards.pt\/en\/wp-json\/wp\/v2\/pages\/38850\/revisions"}],"predecessor-version":[{"id":40537,"href":"https:\/\/womenonboards.pt\/en\/wp-json\/wp\/v2\/pages\/38850\/revisions\/40537"}],"wp:attachment":[{"href":"https:\/\/womenonboards.pt\/en\/wp-json\/wp\/v2\/media?parent=38850"}],"curies":[{"name":"wp","href":"https:\/\/api.w.org\/{rel}","templated":true}]}}