{"id":39837,"date":"2019-07-18T09:44:10","date_gmt":"2019-07-18T09:44:10","guid":{"rendered":"https:\/\/womenonboards.pt\/en\/?page_id=39837"},"modified":"2019-07-19T14:37:39","modified_gmt":"2019-07-19T14:37:39","slug":"media","status":"publish","type":"page","link":"https:\/\/womenonboards.pt\/en\/media\/","title":{"rendered":"Media"},"content":{"rendered":"<p>[et_pb_section fb_built=&#8221;1&#8243; custom_padding_last_edited=&#8221;on|phone&#8221; disabled_on=&#8221;off|off|off&#8221; _builder_version=&#8221;3.26&#8243; background_color=&#8221;#f2f2f2&#8243; custom_margin=&#8221;0px||0px||true&#8221; custom_padding=&#8221;80px||80px||true|false&#8221; custom_padding_tablet=&#8221;70px||70px||true&#8221; custom_padding_phone=&#8221;60px||60px||true&#8221; locked=&#8221;off&#8221;][et_pb_row use_custom_gutter=&#8221;on&#8221; gutter_width=&#8221;2&#8243; custom_padding=&#8221;0px||0px||true&#8221; custom_margin=&#8221;0px||0px||true&#8221; _builder_version=&#8221;3.26&#8243; width=&#8221;90%&#8221; max_width=&#8221;1200px&#8221; custom_css_main_element=&#8221;width: 90%;&#8221; use_custom_width=&#8221;on&#8221; custom_width_px=&#8221;1150px&#8221;][et_pb_column type=&#8221;4_4&#8243; _builder_version=&#8221;3.25&#8243; custom_padding=&#8221;|||&#8221; custom_padding__hover=&#8221;|||&#8221;][et_pb_text _builder_version=&#8221;3.26.3&#8243; text_font=&#8221;||||||||&#8221; header_font=&#8221;||||||||&#8221; header_text_align=&#8221;center&#8221; header_text_color=&#8221;#525fab&#8221; text_orientation=&#8221;center&#8221; custom_margin=&#8221;0px||0px||true&#8221; custom_padding=&#8221;0px||0px||true&#8221;]<\/p>\n<h1 style=\"padding-bottom: 0px;\">Media<\/h1>\n<p>[\/et_pb_text][et_pb_divider color=&#8221;#79cbc4&#8243; divider_position=&#8221;center&#8221; divider_weight=&#8221;3px&#8221; _builder_version=&#8221;3.26.3&#8243; max_width=&#8221;80px&#8221; module_alignment=&#8221;center&#8221; height=&#8221;60px&#8221; custom_margin=&#8221;0px||0px||true&#8221; custom_padding=&#8221;0px||0px||true&#8221;][\/et_pb_divider][et_pb_blog fullwidth=&#8221;off&#8221; posts_number=&#8221;99&#8243; show_author=&#8221;off&#8221; show_date=&#8221;off&#8221; show_categories=&#8221;off&#8221; show_pagination=&#8221;off&#8221; use_overlay=&#8221;on&#8221; hover_overlay_color=&#8221;rgba(255,255,255,0.6)&#8221; module_class=&#8221;nocontent&#8221; _builder_version=&#8221;3.26.3&#8243; header_level=&#8221;h6&#8243; header_font=&#8221;||||||||&#8221; header_text_align=&#8221;center&#8221; header_font_size=&#8221;16px&#8221; body_font=&#8221;||||||||&#8221; border_radii=&#8221;on|5px|5px|5px|5px&#8221; border_width_all=&#8221;10px&#8221; border_color_all=&#8221;#ffffff&#8221; box_shadow_style=&#8221;preset3&#8243; box_shadow_color=&#8221;rgba(0,0,0,0.2)&#8221; custom_margin=&#8221;0px||0px||true&#8221; custom_padding=&#8221;0px||0px||true&#8221;][\/et_pb_blog][\/et_pb_column][\/et_pb_row][\/et_pb_section][et_pb_section fb_built=&#8221;1&#8243; inner_shadow=&#8221;on&#8221; _builder_version=&#8221;3.26.3&#8243; background_color=&#8221;#525fab&#8221; use_background_color_gradient=&#8221;on&#8221; background_color_gradient_start=&#8221;#525fab&#8221; background_color_gradient_end=&#8221;rgba(121,203,196,0.6)&#8221; background_color_gradient_direction=&#8221;90deg&#8221; border_width_bottom=&#8221;1px&#8221; border_color_bottom=&#8221;#525fab&#8221; custom_margin=&#8221;0px||0px||true|false&#8221; custom_padding=&#8221;0px||0px||true|false&#8221; bottom_divider_style=&#8221;waves2&#8243; bottom_divider_color=&#8221;rgba(121,203,196,0.33)&#8221; bottom_divider_height=&#8221;180px&#8221; bottom_divider_repeat=&#8221;0.2x&#8221; bottom_divider_flip=&#8221;horizontal&#8221; global_module=&#8221;39981&#8243; saved_tabs=&#8221;all&#8221;][et_pb_row column_structure=&#8221;1_3,1_3,1_3&#8243; use_custom_gutter=&#8221;on&#8221; custom_padding=&#8221;60px||60px||true|false&#8221; custom_margin=&#8221;0px||0px||true|false&#8221; make_equal=&#8221;on&#8221; _builder_version=&#8221;3.26.3&#8243; width=&#8221;95%&#8221; max_width=&#8221;95%&#8221;][et_pb_column type=&#8221;1_3&#8243; module_class=&#8221;footer_cl01&#8243; _builder_version=&#8221;3.26.3&#8243;][et_pb_text _builder_version=&#8221;3.26.3&#8243; text_font=&#8221;|300|||||||&#8221; text_text_align=&#8221;justify&#8221; text_font_size=&#8221;14px&#8221; text_orientation=&#8221;justified&#8221; background_layout=&#8221;dark&#8221; custom_margin=&#8221;0px||0px||true|false&#8221; custom_padding=&#8221;0px||0px||true|false&#8221; text_text_align_tablet=&#8221;center&#8221; text_text_align_last_edited=&#8221;on|tablet&#8221;]<\/p>\n<h4>Apoios<\/h4>\n<p>Projeto: Women on Boards: An Integrative Approach\/ Mulheres nos \u00d3rg\u00e3os de Gest\u00e3o das Empresas: Uma Abordagem Integrada\u201d (Ref\u00aa PTDC\/SOC-ASO\/29895\/2017), suportado pela Funda\u00e7\u00e3o para a Ci\u00eancia e a Tecnologia e pelo Minist\u00e9rio da Ci\u00eancia, Tecnologia e Ensino Superior (MCTES) atrav\u00e9s de fundos nacionais (PIDDAC) e acolhido institucionalmente pelo SOCIUS-CSG\/ISEG-ULisboa.<\/p>\n<p>[\/et_pb_text][\/et_pb_column][et_pb_column type=&#8221;1_3&#8243; module_class=&#8221;footer_cl02&#8243; _builder_version=&#8221;3.26.3&#8243;][et_pb_code module_id=&#8221;logosfooter&#8221; module_class=&#8221;footerLG&#8221; _builder_version=&#8221;3.26.3&#8243; text_orientation=&#8221;center&#8221; max_width=&#8221;360px&#8221; module_alignment=&#8221;center&#8221; custom_margin=&#8221;0px||0px||true|false&#8221; custom_padding=&#8221;0px||0px||true|false&#8221;]<img decoding=\"async\" src=\"https:\/\/womenonboards.pt\/en\/wp-content\/uploads\/2019\/07\/WB_FooterLG_04.png\"><img decoding=\"async\" src=\"https:\/\/womenonboards.pt\/en\/wp-content\/uploads\/2019\/07\/WB_FooterLG_02.png\"><!\u2013- [et_pb_br_holder] -\u2013><img decoding=\"async\" src=\"https:\/\/womenonboards.pt\/en\/wp-content\/uploads\/2019\/07\/WB_FooterLG_01.png\"><img decoding=\"async\" src=\"https:\/\/womenonboards.pt\/en\/wp-content\/uploads\/2019\/07\/WB_FooterLG_03.png\">[\/et_pb_code][\/et_pb_column][et_pb_column type=&#8221;1_3&#8243; module_class=&#8221;footer_cl03&#8243; _builder_version=&#8221;3.26.3&#8243;][et_pb_text module_class=&#8221;LinkFooterPreto&#8221; _builder_version=&#8221;3.26.3&#8243; text_font=&#8221;|300|||||||&#8221; text_text_align=&#8221;left&#8221; text_font_size=&#8221;15px&#8221; text_line_height=&#8221;1.3em&#8221; text_orientation=&#8221;justified&#8221; background_layout=&#8221;dark&#8221; custom_margin=&#8221;0px||0px||true|false&#8221; custom_padding=&#8221;0px||25px||false|false&#8221; text_text_align_tablet=&#8221;center&#8221; text_text_align_last_edited=&#8221;on|desktop&#8221;]<\/p>\n<p style=\"padding-bottom: 15px;\">\u00a9 WOMEN ON BOARDS<\/p>\n<p style=\"padding-bottom: 10px;\"><a href=\"https:\/\/womenonboards.pt\/en\/protecao-de-dados\/#PP\">\u2022 Pol\u00edtica de Privacidade<\/a><br \/><a href=\"https:\/\/womenonboards.pt\/en\/protecao-de-dados\/#RLO\">\u2022 Resolu\u00e7\u00e3o de Lit\u00edgios Online<\/a><br \/><a href=\"https:\/\/womenonboards.pt\/en\/protecao-de-dados\/#PC\">\u2022 Pol\u00edtica de Cookies<\/a><\/p>\n<p style=\"padding-bottom: 0px;\">webdesign by: <a href=\"https:\/\/criativo.net\/\" target=\"_blank\" rel=\"noopener noreferrer\">criativo.net<\/a><\/p>\n<p>[\/et_pb_text][et_pb_image src=&#8221;https:\/\/womenonboards.pt\/en\/wp-content\/uploads\/2019\/01\/certificado-ssl-pt_white.png&#8221; align_tablet=&#8221;center&#8221; align_last_edited=&#8221;on|desktop&#8221; _builder_version=&#8221;3.26.3&#8243; custom_margin=&#8221;0px||0px||true|false&#8221; custom_padding=&#8221;0px||0px||true|false&#8221; filter_brightness=&#8221;0%&#8221; filter_invert=&#8221;100%&#8221;][\/et_pb_image][\/et_pb_column][\/et_pb_row][\/et_pb_section]<\/p>\n","protected":false},"excerpt":{"rendered":"<p>[et_pb_section fb_built=&#8221;1&#8243; custom_padding_last_edited=&#8221;on|phone&#8221; disabled_on=&#8221;off|off|off&#8221; _builder_version=&#8221;3.26&#8243; background_color=&#8221;#f2f2f2&#8243; custom_margin=&#8221;0px||0px||true&#8221; custom_padding=&#8221;80px||80px||true|false&#8221; custom_padding_tablet=&#8221;70px||70px||true&#8221; custom_padding_phone=&#8221;60px||60px||true&#8221; locked=&#8221;off&#8221;][et_pb_row use_custom_gutter=&#8221;on&#8221; gutter_width=&#8221;2&#8243; custom_padding=&#8221;0px||0px||true&#8221; custom_margin=&#8221;0px||0px||true&#8221; _builder_version=&#8221;3.26&#8243; width=&#8221;90%&#8221; max_width=&#8221;1200px&#8221; custom_css_main_element=&#8221;width: 90%;&#8221; use_custom_width=&#8221;on&#8221; custom_width_px=&#8221;1150px&#8221;][et_pb_column type=&#8221;4_4&#8243; _builder_version=&#8221;3.25&#8243; custom_padding=&#8221;|||&#8221; custom_padding__hover=&#8221;|||&#8221;][et_pb_text _builder_version=&#8221;3.26.3&#8243; text_font=&#8221;||||||||&#8221; header_font=&#8221;||||||||&#8221; header_text_align=&#8221;center&#8221; header_text_color=&#8221;#525fab&#8221; text_orientation=&#8221;center&#8221; custom_margin=&#8221;0px||0px||true&#8221; custom_padding=&#8221;0px||0px||true&#8221;] Media [\/et_pb_text][et_pb_divider color=&#8221;#79cbc4&#8243; divider_position=&#8221;center&#8221; divider_weight=&#8221;3px&#8221; _builder_version=&#8221;3.26.3&#8243; max_width=&#8221;80px&#8221; module_alignment=&#8221;center&#8221; height=&#8221;60px&#8221; custom_margin=&#8221;0px||0px||true&#8221; custom_padding=&#8221;0px||0px||true&#8221;][\/et_pb_divider][et_pb_blog fullwidth=&#8221;off&#8221; posts_number=&#8221;99&#8243; show_author=&#8221;off&#8221; show_date=&#8221;off&#8221; show_categories=&#8221;off&#8221; show_pagination=&#8221;off&#8221; use_overlay=&#8221;on&#8221; hover_overlay_color=&#8221;rgba(255,255,255,0.6)&#8221; module_class=&#8221;nocontent&#8221; _builder_version=&#8221;3.26.3&#8243; [&hellip;]<\/p>\n","protected":false},"author":3,"featured_media":0,"parent":0,"menu_order":0,"comment_status":"closed","ping_status":"closed","template":"","meta":{"_et_pb_use_builder":"on","_et_pb_old_content":"","_et_gb_content_width":"","footnotes":""},"class_list":["post-39837","page","type-page","status-publish","hentry"],"_links":{"self":[{"href":"https:\/\/womenonboards.pt\/en\/wp-json\/wp\/v2\/pages\/39837","targetHints":{"allow":["GET"]}}],"collection":[{"href":"https:\/\/womenonboards.pt\/en\/wp-json\/wp\/v2\/pages"}],"about":[{"href":"https:\/\/womenonboards.pt\/en\/wp-json\/wp\/v2\/types\/page"}],"author":[{"embeddable":true,"href":"https:\/\/womenonboards.pt\/en\/wp-json\/wp\/v2\/users\/3"}],"replies":[{"embeddable":true,"href":"https:\/\/womenonboards.pt\/en\/wp-json\/wp\/v2\/comments?post=39837"}],"version-history":[{"count":3,"href":"https:\/\/womenonboards.pt\/en\/wp-json\/wp\/v2\/pages\/39837\/revisions"}],"predecessor-version":[{"id":40165,"href":"https:\/\/womenonboards.pt\/en\/wp-json\/wp\/v2\/pages\/39837\/revisions\/40165"}],"wp:attachment":[{"href":"https:\/\/womenonboards.pt\/en\/wp-json\/wp\/v2\/media?parent=39837"}],"curies":[{"name":"wp","href":"https:\/\/api.w.org\/{rel}","templated":true}]}}