{"id":39838,"date":"2019-07-18T09:44:12","date_gmt":"2019-07-18T09:44:12","guid":{"rendered":"https:\/\/womenonboards.pt\/en\/?page_id=39838"},"modified":"2019-10-31T17:04:23","modified_gmt":"2019-10-31T17:04:23","slug":"stakeholders","status":"publish","type":"page","link":"https:\/\/womenonboards.pt\/en\/stakeholders\/","title":{"rendered":"Stakeholders"},"content":{"rendered":"<p>[et_pb_section fb_built=&#8221;1&#8243; _builder_version=&#8221;3.26.3&#8243; background_enable_color=&#8221;off&#8221; background_image=&#8221;https:\/\/womenonboards.pt\/en\/wp-content\/uploads\/2019\/07\/WB_Stakeholders_top_bg_01.jpg&#8221; background_position=&#8221;bottom_center&#8221; custom_margin=&#8221;0px||0px||true&#8221; custom_padding=&#8221;90px||90px||true|&#8221; locked=&#8221;off&#8221;][et_pb_row custom_padding=&#8221;0px||30px||false|false&#8221; custom_margin=&#8221;0px||0px||true|false&#8221; _builder_version=&#8221;3.26.3&#8243; locked=&#8221;on&#8221;][et_pb_column type=&#8221;4_4&#8243; _builder_version=&#8221;3.26.3&#8243;][et_pb_text _builder_version=&#8221;3.26.3&#8243; header_text_color=&#8221;#ffffff&#8221; text_orientation=&#8221;center&#8221; custom_margin=&#8221;0px||0px||true|false&#8221; custom_padding=&#8221;0px||0px||true|false&#8221;]<\/p>\n<h1 style=\"padding-bottom: 0px;\">Stakeholders Women on Boards<\/h1>\n<p>[\/et_pb_text][et_pb_divider color=&#8221;#ffffff&#8221; divider_position=&#8221;center&#8221; divider_weight=&#8221;3px&#8221; _builder_version=&#8221;3.26.3&#8243; max_width=&#8221;80px&#8221; module_alignment=&#8221;center&#8221; height=&#8221;60px&#8221; custom_margin=&#8221;0px||0px||true&#8221; custom_padding=&#8221;0px||0px||true&#8221;][\/et_pb_divider][\/et_pb_column][\/et_pb_row][et_pb_row column_structure=&#8221;1_2,1_2&#8243; custom_padding=&#8221;0px||0px||true|false&#8221; custom_margin=&#8221;0px||0px||true|false&#8221; module_class=&#8221;WB_linkW&#8221; _builder_version=&#8221;3.26.3&#8243;][et_pb_column type=&#8221;1_2&#8243; _builder_version=&#8221;3.26.3&#8243;][et_pb_text admin_label=&#8221;Text&#8221; module_class=&#8221;ullib white&#8221; _builder_version=&#8221;3.26.5&#8243; text_text_align=&#8221;left&#8221; background_color=&#8221;rgba(82,95,171,0.8)&#8221; border_radii=&#8221;on|5px|5px|5px|5px&#8221; text_orientation=&#8221;center&#8221; background_layout=&#8221;dark&#8221; custom_margin=&#8221;0px||0px||true|false&#8221; custom_padding=&#8221;50px|50px|50px|50px|true|true&#8221; custom_padding_tablet=&#8221;30px|30px|30px|30px|true|true&#8221; custom_padding_phone=&#8221;20px|20px|20px|20px|true|true&#8221; custom_padding_last_edited=&#8221;on|desktop&#8221;]<\/p>\n<ul>\n<li><a target=\"_blank\" href=\"https:\/\/www.accenture.com\/pt-pt\" rel=\"noopener noreferrer\">Accenture Portugal<\/a><\/li>\n<li><a target=\"_blank\" href=\"https:\/\/emitentes.pt\/\" rel=\"noopener noreferrer\">Associa\u00e7\u00e3o de Empresas Emitentes de Valores Cotados em Mercado<\/a><\/li>\n<li><a target=\"_blank\" href=\"https:\/\/apem-estudos.org\/pt\/\" rel=\"noopener noreferrer\">Associa\u00e7\u00e3o Portuguesa de Estudos sobre as Mulheres<\/a><\/li>\n<li><a target=\"_blank\" href=\"https:\/\/www.bolsadelisboa.com.pt\/\" rel=\"noopener noreferrer\">Bolsa de Lisboa\/Euronext<\/a><\/li>\n<li><a target=\"_blank\" href=\"http:\/\/www.cartadiversidade.pt\/\" rel=\"noopener noreferrer\">Carta Portuguesa para a Diversidade<\/a><\/li>\n<li><a target=\"_blank\" href=\"https:\/\/www.cig.gov.pt\/\" rel=\"noopener noreferrer\">Comiss\u00e3o para a Cidadania e Igualdade de G\u00e9nero<\/a><\/li>\n<li><a target=\"_blank\" href=\"http:\/\/cite.gov.pt\/index.html\" rel=\"noopener noreferrer\">Comiss\u00e3o para a Igualdade no Trabalho e no Emprego<\/a><\/li>\n<li><a target=\"_blank\" href=\"https:\/\/www.cmvm.pt\/pt\/Pages\/home.aspx\" rel=\"noopener noreferrer\">Comiss\u00e3o do Mercado de Valores Mobili\u00e1rios<\/a><\/li>\n<li><a target=\"_blank\" href=\"https:\/\/www.cap.pt\/\" rel=\"noopener noreferrer\">Confedera\u00e7\u00e3o dos Agricultores de Portugal<\/a><\/li>\n<li><a target=\"_blank\" href=\"http:\/\/www.ccp.pt\/CCP\/pt-PT\/CCP.aspx?AspxAutoDetectCookieSupport=1\" rel=\"noopener noreferrer\">Confedera\u00e7\u00e3o do Com\u00e9rcio e Servi\u00e7os de Portugal<\/a><\/li>\n<li><a target=\"_blank\" href=\"http:\/\/cip.org.pt\/\" rel=\"noopener noreferrer\">Confedera\u00e7\u00e3o Empresarial de Portugal<\/a><\/li>\n<li><a target=\"_blank\" href=\"http:\/\/www.cgtp.pt\/\" rel=\"noopener noreferrer\">Confedera\u00e7\u00e3o Geral dos Trabalhadores Portugueses &#8211; Intersindical Nacional<\/a><\/li>\n<\/ul>\n<p>[\/et_pb_text][\/et_pb_column][et_pb_column type=&#8221;1_2&#8243; _builder_version=&#8221;3.26.3&#8243;][et_pb_text module_class=&#8221;ullib white&#8221; _builder_version=&#8221;3.26.5&#8243; text_text_align=&#8221;left&#8221; background_color=&#8221;rgba(82,95,171,0.8)&#8221; border_radii=&#8221;on|5px|5px|5px|5px&#8221; text_orientation=&#8221;center&#8221; background_layout=&#8221;dark&#8221; custom_margin=&#8221;0px||0px||true|false&#8221; custom_padding=&#8221;50px|50px|50px|50px|true|true&#8221; custom_padding_tablet=&#8221;30px|30px|30px|30px|true|true&#8221; custom_padding_phone=&#8221;20px|20px|20px|20px|true|true&#8221; custom_padding_last_edited=&#8221;on|desktop&#8221;]<\/p>\n<ul>\n<li><a target=\"_blank\" href=\"https:\/\/www.costapinto.pt\/\" rel=\"noopener noreferrer\">Costa Pinto Advogados<\/a><\/li>\n<li><a target=\"_blank\" href=\"https:\/\/www2.deloitte.com\/pt\/pt.html\" rel=\"noopener noreferrer\">Deloitte Portugal<\/a><\/li>\n<li><a target=\"_blank\" href=\"https:\/\/executiva.pt\/\" rel=\"noopener noreferrer\">Executiva<\/a><\/li>\n<li><a target=\"_blank\" href=\"https:\/\/www.portugal.gov.pt\/pt\/gc21\/area-de-governo\/presidencia-e-modernizacao-administrativa\/secretarios-de-estado?i=cidadaniaigualdade\" rel=\"noopener noreferrer\">Gabinete da Secret\u00e1ria de Estado para a Cidadania e a Igualdade<\/a><\/li>\n<li><a target=\"_blank\" href=\"https:\/\/cgov.pt\/\" rel=\"noopener noreferrer\">Instituto Portugu\u00eas de Corporate Governance<\/a><\/li>\n<li><a target=\"_blank\" href=\"https:\/\/www.informadb.pt\/idbweb\/index.xhtml\" rel=\"noopener noreferrer\">Informa D&amp;B<\/a><\/li>\n<li><a target=\"_blank\" href=\"https:\/\/www.mckinsey.com\/pt\" rel=\"noopener noreferrer\">McKinsey &amp; Company<\/a><\/li>\n<li><a target=\"_blank\" href=\"https:\/\/www.mercer.pt\/\" rel=\"noopener noreferrer\">Mercer Portugal<\/a><\/li>\n<li><a target=\"_blank\" href=\"https:\/\/plataformamulheres.org.pt\/\" rel=\"noopener noreferrer\">Plataforma Portuguesa para os Direitos das Mulheres<\/a><\/li>\n<li><a target=\"_blank\" href=\"https:\/\/pwnlisbon.net\/\" rel=\"noopener noreferrer\">Professional Women\u2019s Network<\/a><\/li>\n<li><a target=\"_blank\" href=\"https:\/\/www.ugt.pt\/\" rel=\"noopener noreferrer\">Uni\u00e3o Geral de Trabalhadores<\/a><\/li>\n<li><a target=\"_blank\" href=\"https:\/\/www.vda.pt\/pt\/\" rel=\"noopener noreferrer\">VdA,\u00a0Vieira de Almeida\u00a0Sociedade de\u00a0Advogados<\/a><\/li>\n<li><a target=\"_blank\" href=\"https:\/\/jornalistas.eu\/\" rel=\"noopener noreferrer\">Sindicato dos Jornalistas<\/a><\/li>\n<\/ul>\n<p>[\/et_pb_text][\/et_pb_column][\/et_pb_row][\/et_pb_section][et_pb_section fb_built=&#8221;1&#8243; inner_shadow=&#8221;on&#8221; _builder_version=&#8221;3.26.3&#8243; background_color=&#8221;#525fab&#8221; use_background_color_gradient=&#8221;on&#8221; background_color_gradient_start=&#8221;#525fab&#8221; background_color_gradient_end=&#8221;rgba(121,203,196,0.6)&#8221; background_color_gradient_direction=&#8221;90deg&#8221; border_width_bottom=&#8221;1px&#8221; border_color_bottom=&#8221;#525fab&#8221; custom_margin=&#8221;0px||0px||true|false&#8221; custom_padding=&#8221;0px||0px||true|false&#8221; bottom_divider_style=&#8221;waves2&#8243; bottom_divider_color=&#8221;rgba(121,203,196,0.33)&#8221; bottom_divider_height=&#8221;180px&#8221; bottom_divider_repeat=&#8221;0.2x&#8221; bottom_divider_flip=&#8221;horizontal&#8221; global_module=&#8221;39981&#8243; saved_tabs=&#8221;all&#8221; locked=&#8221;off&#8221;][et_pb_row column_structure=&#8221;1_3,1_3,1_3&#8243; use_custom_gutter=&#8221;on&#8221; custom_padding=&#8221;60px||60px||true|false&#8221; custom_margin=&#8221;0px||0px||true|false&#8221; make_equal=&#8221;on&#8221; _builder_version=&#8221;3.26.3&#8243; width=&#8221;95%&#8221; max_width=&#8221;95%&#8221;][et_pb_column type=&#8221;1_3&#8243; module_class=&#8221;footer_cl01&#8243; _builder_version=&#8221;3.26.3&#8243;][et_pb_text _builder_version=&#8221;3.26.5&#8243; text_font=&#8221;|300|||||||&#8221; text_text_align=&#8221;justify&#8221; text_font_size=&#8221;14px&#8221; text_orientation=&#8221;justified&#8221; background_layout=&#8221;dark&#8221; custom_margin=&#8221;0px||0px||true|false&#8221; custom_padding=&#8221;0px||0px||true|false&#8221; text_text_align_tablet=&#8221;center&#8221; text_text_align_last_edited=&#8221;on|tablet&#8221;]<\/p>\n<h4>Sponsors<\/h4>\n<p>Project: Women on Boards: An Integrative Approach\/ Mulheres nos \u00d3rg\u00e3os de Gest\u00e3o das Empresas: Uma Abordagem Integrada (Ref\u00aa PTDC\/SOC-ASO\/29895\/2017), sponsored by the &#8220;Funda\u00e7\u00e3o para a Ci\u00eancia e a Tecnologia&#8221; and by the &#8220;Minist\u00e9rio da Ci\u00eancia, Tecnologia e Ensino Superior (MCTES)&#8221; through public funding (PIDDAC) and institutionally hosted by &#8220;SOCIUS-CSG\/ISEG-ULisboa&#8221;<\/p>\n<p>[\/et_pb_text][et_pb_social_media_follow use_icon_font_size=&#8221;on&#8221; icon_font_size=&#8221;18px&#8221; _builder_version=&#8221;3.26.3&#8243; border_radii=&#8221;on|50px|50px|50px|50px&#8221; border_color_all=&#8221;#ffffff&#8221; text_orientation=&#8221;left&#8221; custom_margin=&#8221;0px||0px||true|false&#8221; custom_padding=&#8221;15px||0px||false|false&#8221; text_orientation_tablet=&#8221;center&#8221; text_orientation_last_edited=&#8221;on|desktop&#8221;][et_pb_social_media_follow_network social_network=&#8221;facebook&#8221; url=&#8221;https:\/\/www.facebook.com\/WoB-Women-on-Boards-Portugal-543060479454414\/&#8221; _builder_version=&#8221;3.26.3&#8243; background_color=&#8221;#3b5998&#8243; custom_margin=&#8221;0px|0px|0px|0px|true|true&#8221; custom_padding=&#8221;0px|0px|0px|0px|true|true&#8221; follow_button=&#8221;off&#8221; url_new_window=&#8221;on&#8221;]facebook[\/et_pb_social_media_follow_network][et_pb_social_media_follow_network social_network=&#8221;linkedin&#8221; url=&#8221;https:\/\/www.linkedin.com\/company\/wob-women-on-boards-portugal\/?viewAsMember=true&#8221; _builder_version=&#8221;3.26.3&#8243; background_color=&#8221;#007bb6&#8243; custom_margin=&#8221;0px|0px|0px|0px|true|true&#8221; custom_padding=&#8221;0px|0px|0px|0px|true|true&#8221; follow_button=&#8221;off&#8221; url_new_window=&#8221;on&#8221;]linkedin[\/et_pb_social_media_follow_network][\/et_pb_social_media_follow][\/et_pb_column][et_pb_column type=&#8221;1_3&#8243; module_class=&#8221;footer_cl02&#8243; _builder_version=&#8221;3.26.3&#8243;][et_pb_code module_id=&#8221;logosfooter&#8221; module_class=&#8221;footerLG&#8221; _builder_version=&#8221;3.26.3&#8243; text_orientation=&#8221;center&#8221; max_width=&#8221;360px&#8221; module_alignment=&#8221;center&#8221; custom_margin=&#8221;0px||0px||true|false&#8221; custom_padding=&#8221;0px||0px||true|false&#8221;]<img decoding=\"async\" src=\"https:\/\/womenonboards.pt\/en\/wp-content\/uploads\/2019\/07\/WB_FooterLG_04.png\"><img decoding=\"async\" src=\"https:\/\/womenonboards.pt\/en\/wp-content\/uploads\/2019\/07\/WB_FooterLG_02.png\"><!\u2013- [et_pb_br_holder] -\u2013><img decoding=\"async\" src=\"https:\/\/womenonboards.pt\/en\/wp-content\/uploads\/2019\/07\/WB_FooterLG_01.png\"><img decoding=\"async\" src=\"https:\/\/womenonboards.pt\/en\/wp-content\/uploads\/2019\/07\/WB_FooterLG_03.png\">[\/et_pb_code][\/et_pb_column][et_pb_column type=&#8221;1_3&#8243; module_class=&#8221;footer_cl03&#8243; _builder_version=&#8221;3.26.3&#8243;][et_pb_text module_class=&#8221;LinkFooterPreto&#8221; _builder_version=&#8221;3.26.5&#8243; text_font=&#8221;|300|||||||&#8221; text_text_align=&#8221;left&#8221; text_font_size=&#8221;15px&#8221; text_line_height=&#8221;1.3em&#8221; text_orientation=&#8221;justified&#8221; background_layout=&#8221;dark&#8221; custom_margin=&#8221;0px||0px||true|false&#8221; custom_padding=&#8221;0px||25px||false|false&#8221; text_text_align_tablet=&#8221;center&#8221; text_text_align_last_edited=&#8221;on|desktop&#8221;]<\/p>\n<p style=\"padding-bottom: 15px;\">\u00a9 WOMEN ON BOARDS<\/p>\n<p style=\"padding-bottom: 10px;\"><a href=\"https:\/\/womenonboards.pt\/en\/protecao-de-dados\/#PP\">\u2022 Privacy Policy<\/a><br \/><a href=\"https:\/\/womenonboards.pt\/en\/protecao-de-dados\/#RLO\">\u2022 Online Dispute Resolution<\/a><br \/><a href=\"https:\/\/womenonboards.pt\/en\/protecao-de-dados\/#PC\">\u2022 Cookies Policy<\/a><\/p>\n<p style=\"padding-bottom: 0px;\">webdesign by: <a href=\"https:\/\/criativo.net\/\" target=\"_blank\" rel=\"noopener noreferrer\">criativo.net<\/a><\/p>\n<p>[\/et_pb_text][et_pb_image src=&#8221;https:\/\/womenonboards.pt\/en\/wp-content\/uploads\/2019\/01\/certificado-ssl-pt_white.png&#8221; align_tablet=&#8221;center&#8221; align_last_edited=&#8221;on|desktop&#8221; _builder_version=&#8221;3.26.3&#8243; custom_margin=&#8221;0px||0px||true|false&#8221; custom_padding=&#8221;0px||0px||true|false&#8221; filter_brightness=&#8221;0%&#8221; filter_invert=&#8221;100%&#8221;][\/et_pb_image][\/et_pb_column][\/et_pb_row][\/et_pb_section]<\/p>\n","protected":false},"excerpt":{"rendered":"<p>[et_pb_section fb_built=&#8221;1&#8243; _builder_version=&#8221;3.26.3&#8243; background_enable_color=&#8221;off&#8221; background_image=&#8221;https:\/\/womenonboards.pt\/en\/wp-content\/uploads\/2019\/07\/WB_Stakeholders_top_bg_01.jpg&#8221; background_position=&#8221;bottom_center&#8221; custom_margin=&#8221;0px||0px||true&#8221; custom_padding=&#8221;90px||90px||true|&#8221; locked=&#8221;off&#8221;][et_pb_row custom_padding=&#8221;0px||30px||false|false&#8221; custom_margin=&#8221;0px||0px||true|false&#8221; _builder_version=&#8221;3.26.3&#8243; locked=&#8221;on&#8221;][et_pb_column type=&#8221;4_4&#8243; _builder_version=&#8221;3.26.3&#8243;][et_pb_text _builder_version=&#8221;3.26.3&#8243; header_text_color=&#8221;#ffffff&#8221; text_orientation=&#8221;center&#8221; custom_margin=&#8221;0px||0px||true|false&#8221; custom_padding=&#8221;0px||0px||true|false&#8221;] Stakeholders Women on Boards [\/et_pb_text][et_pb_divider color=&#8221;#ffffff&#8221; divider_position=&#8221;center&#8221; divider_weight=&#8221;3px&#8221; _builder_version=&#8221;3.26.3&#8243; max_width=&#8221;80px&#8221; module_alignment=&#8221;center&#8221; height=&#8221;60px&#8221; custom_margin=&#8221;0px||0px||true&#8221; custom_padding=&#8221;0px||0px||true&#8221;][\/et_pb_divider][\/et_pb_column][\/et_pb_row][et_pb_row column_structure=&#8221;1_2,1_2&#8243; custom_padding=&#8221;0px||0px||true|false&#8221; custom_margin=&#8221;0px||0px||true|false&#8221; module_class=&#8221;WB_linkW&#8221; _builder_version=&#8221;3.26.3&#8243;][et_pb_column type=&#8221;1_2&#8243; _builder_version=&#8221;3.26.3&#8243;][et_pb_text admin_label=&#8221;Text&#8221; module_class=&#8221;ullib white&#8221; _builder_version=&#8221;3.26.5&#8243; text_text_align=&#8221;left&#8221; background_color=&#8221;rgba(82,95,171,0.8)&#8221; border_radii=&#8221;on|5px|5px|5px|5px&#8221; text_orientation=&#8221;center&#8221; background_layout=&#8221;dark&#8221; custom_margin=&#8221;0px||0px||true|false&#8221; custom_padding=&#8221;50px|50px|50px|50px|true|true&#8221; custom_padding_tablet=&#8221;30px|30px|30px|30px|true|true&#8221; custom_padding_phone=&#8221;20px|20px|20px|20px|true|true&#8221; custom_padding_last_edited=&#8221;on|desktop&#8221;] [&hellip;]<\/p>\n","protected":false},"author":3,"featured_media":0,"parent":0,"menu_order":0,"comment_status":"closed","ping_status":"closed","template":"","meta":{"_et_pb_use_builder":"on","_et_pb_old_content":"","_et_gb_content_width":"","footnotes":""},"class_list":["post-39838","page","type-page","status-publish","hentry"],"_links":{"self":[{"href":"https:\/\/womenonboards.pt\/en\/wp-json\/wp\/v2\/pages\/39838","targetHints":{"allow":["GET"]}}],"collection":[{"href":"https:\/\/womenonboards.pt\/en\/wp-json\/wp\/v2\/pages"}],"about":[{"href":"https:\/\/womenonboards.pt\/en\/wp-json\/wp\/v2\/types\/page"}],"author":[{"embeddable":true,"href":"https:\/\/womenonboards.pt\/en\/wp-json\/wp\/v2\/users\/3"}],"replies":[{"embeddable":true,"href":"https:\/\/womenonboards.pt\/en\/wp-json\/wp\/v2\/comments?post=39838"}],"version-history":[{"count":13,"href":"https:\/\/womenonboards.pt\/en\/wp-json\/wp\/v2\/pages\/39838\/revisions"}],"predecessor-version":[{"id":40546,"href":"https:\/\/womenonboards.pt\/en\/wp-json\/wp\/v2\/pages\/39838\/revisions\/40546"}],"wp:attachment":[{"href":"https:\/\/womenonboards.pt\/en\/wp-json\/wp\/v2\/media?parent=39838"}],"curies":[{"name":"wp","href":"https:\/\/api.w.org\/{rel}","templated":true}]}}